{"id":19,"date":"2023-08-24T14:08:35","date_gmt":"2023-08-24T11:08:35","guid":{"rendered":"http:\/\/kurs.sqba.ru\/?page_id=19"},"modified":"2024-02-22T15:47:01","modified_gmt":"2024-02-22T13:47:01","slug":"ostu-tingimused","status":"publish","type":"page","link":"https:\/\/ambre.ee\/et\/ostu-tingimused\/","title":{"rendered":"Ostu tingimused"},"content":{"rendered":"<div data-elementor-type=\"wp-page\" data-elementor-id=\"19\" class=\"elementor elementor-19\">\n\t\t\t\t<div class=\"elementor-element elementor-element-eaab8a8 e-flex e-con-boxed lakit-col-width-auto-no e-container e-root-container elementor-top-section e-con e-parent\" data-id=\"eaab8a8\" data-element_type=\"container\" data-e-type=\"container\">\n\t\t\t\t\t<div class=\"e-con-inner\">\n\t\t\t\t<div class=\"elementor-element elementor-element-a0f6ab3 elementor-widget elementor-widget-text-editor\" data-id=\"a0f6ab3\" data-element_type=\"widget\" data-e-type=\"widget\" data-widget_type=\"text-editor.default\">\n\t\t\t\t<div class=\"elementor-widget-container\">\n\t\t\t\t\t\t\t\t\t\n<p><strong>Tallinn<\/strong><\/p>\n<p><span style=\"font-weight: 400;\">K\u00e4esolev dokument on Ambre Akadeemia O\u00dc, edaspidi T\u00e4itja, ametlik pakkumine ja sisaldab k\u00f5iki olulisi teenuselepingu tingimusi.<\/span><\/p>\n<p><span style=\"font-weight: 400;\">M\u00e4\u00e4ratlused:<\/span><\/p>\n<p><span style=\"font-weight: 400;\">Tellija on \u00fcksikisik, kes ostab teenuseid T\u00f6\u00f6v\u00f5tjalt.<\/span><\/p>\n<p><span style=\"font-weight: 400;\">Teenused \u2013 koolituseks m\u00f5eldud Platvormile juurdep\u00e4\u00e4su teenused. Platvorm asub Internetis aadressil ambre.ee. Platvorm on teabe, tekstide, graafiliste elementide, kujunduse, piltide, fotode ja videomaterjalide (audiovisuaalsete teoste) ja muude intellektuaalomandi objektide ning arvutiprogrammide kogum, mis sisaldub infos\u00fcsteemis, mis tagab sellise teabe k\u00e4ttesaadavuse Internet.<\/span><\/p>\n<p><span style=\"font-weight: 400;\">Materjalid \u2013 Platvormil asuv info, tekstide, graafiliste elementide, piltide, fotode ja videote (audiovisuaalsete teoste) ning muude intellektuaalomandi objektide kogum, mis on Kliendile ise\u00f5ppimise vahendiks.<\/span><\/p>\n<p><span style=\"font-weight: 400;\">Pakkumise aktsepteerimine - pakkumise t\u00e4ielik ja tingimusteta aktsepteerimine Kliendi poolt tasumisega<\/span><\/p>\n<p><span style=\"font-weight: 400;\">t\u00f6\u00f6v\u00f5tja teenuste maksumus t\u00e4ielikult v\u00f5i osaliselt.<\/span><\/p>\n<p><span style=\"font-weight: 400;\">T\u00f6\u00f6v\u00f5tja veebileht on veebileht aadressil ambre.ee.<\/span><\/p>\n<p><span style=\"font-weight: 400;\">Isiklik konto\/Isiklik konto on Platvormil asuv virtuaalne t\u00f6\u00f6riist Kliendi isiklikuks iseteeninduseks.<\/span><\/p>\n<p><span style=\"font-weight: 400;\">Teenuste osutamise territoorium m\u00e4\u00e4ratakse vastavalt kehtivale seadusandlusele.<\/span><\/p>\n<p><span style=\"font-weight: 400;\">Teenuste osutamise koht on Platvorm.<\/span><\/p>\n<ol>\n<li><span style=\"font-weight: 400;\"> Lepingu objekt<\/span><\/li>\n<\/ol>\n<p><span style=\"font-weight: 400;\">1.1. T\u00f6\u00f6v\u00f5tja kohustub v\u00f5imaldama Tellijale juurdep\u00e4\u00e4su Platvormile ja Materjalidele, avades neile juurdep\u00e4\u00e4su l\u00e4bi Tellija poolt Interneti-juurdep\u00e4\u00e4suga personaalarvutite ja mobiilseadmete kasutamise ise\u00f5ppimise (juurdep\u00e4\u00e4suteenused) korraldamiseks.<\/span><\/p>\n<p><span style=\"font-weight: 400;\">1.2. Tellija, kes kavatseb kasutada T\u00f6\u00f6v\u00f5tja teenuseid, tasub valitud kursuse eest.<\/span><\/p>\n<p><span style=\"font-weight: 400;\">Teenuste eest tasumine kinnitab, et Klient n\u00f5ustub tingimustega.<\/span><\/p>\n<p><span style=\"font-weight: 400;\">T\u00f6\u00f6v\u00f5tja Teenuste eest tasumine t\u00e4hendab Pakkumise t\u00e4ielikku ja tingimusteta n\u00f5ustumist.<\/span><\/p>\n<p><span style=\"font-weight: 400;\">Maksed teostab Maksekeskus AS. Eurovaluutas aktsepteeritakse makseid Swedbanki, SEB, LHV, Luminori, Coop Panga, Poco pay kaudu.<\/span><\/p>\n<p><span style=\"font-weight: 400;\">T\u00f6\u00f6v\u00f5tja Teenuste maksumust ei maksustata k\u00e4ibemaksuga.<\/span><\/p>\n<p><span style=\"font-weight: 400;\">Isikuandmete vastutav t\u00f6\u00f6tleja on Ambre Akadeemia O\u00dc, maksete tegemiseks vajalikud isikuandmed edastab Ambre Akadeemia O\u00dc volitatud t\u00f6\u00f6tleja Maksekeskus AS-le.<\/span><\/p>\n<p><span style=\"font-weight: 400;\">1.3. P\u00e4rast Teenuste eest tasumist saab T\u00f6\u00f6v\u00f5tja andmed juurdep\u00e4\u00e4suks<\/span><\/p>\n<p><span style=\"font-weight: 400;\">Isiklik konto.<\/span><\/p>\n<p><span style=\"font-weight: 400;\">1.4. Vastavalt k\u00e4esoleva lepingu tingimustele kohustub Klient vaatama k\u00f5iki Kliendile osutatavates teenustes sisalduvaid ja isiklikul kontol saadaolevaid materjale.<\/span><\/p>\n<ol start=\"2\">\n<li><span style=\"font-weight: 400;\"> Teenuste osutamise tingimused<\/span><\/li>\n<\/ol>\n<p><span style=\"font-weight: 400;\">2.1. Lepinguj\u00e4rgseid teenuseid osutatakse T\u00e4itja poolt Tellijale teatatud t\u00e4htaegadel.<\/span><\/p>\n<p><span style=\"font-weight: 400;\">Klient s\u00e4ilitab juurdep\u00e4\u00e4su oma Kontole ja T\u00f6\u00f6v\u00f5tja materjalidele 3 (kolm) kuud alates kuup\u00e4evast, mil Klient saab juurdep\u00e4\u00e4su oma isiklikule kontole.<\/span><\/p>\n<p><span style=\"font-weight: 400;\">Samas s\u00e4testavad Pooled konkreetselt, et Kliendi poolt sooritatud \u00fclesannete kontrollimine, samuti vastused ja ekspertn\u00f5uanded on v\u00f5imalikud ainult Teenuste osutamise perioodil ning neid ei anta p\u00e4rast teenuse osutamise perioodi l\u00f5ppu. Teenused.<\/span><\/p>\n<p><span style=\"font-weight: 400;\">2.2. Teenuse osutamisel on Teostajal \u00f5igus Teenuste osutamise tingimusi \u00fchepoolselt muuta, s\u00e4ilitades samas Teenuste osutamise kestuse. Sel juhul teavitab T\u00f6\u00f6v\u00f5tja Tellijat e-posti ja telefoni teel.<\/span><\/p>\n<ol start=\"3\">\n<li><span style=\"font-weight: 400;\"> Poolte kohustused<\/span><\/li>\n<\/ol>\n<p><span style=\"font-weight: 400;\">3.1. Esitaja on kohustatud:<\/span><\/p>\n<p><span style=\"font-weight: 400;\">3.1.1. Pakkuda k\u00e4esolevas lepingus etten\u00e4htud teenuseid \u00f5igeaegselt, t\u00f5husalt ja t\u00e4ies mahus.<\/span><\/p>\n<p><span style=\"font-weight: 400;\">3.1.2. Tagage juurdep\u00e4\u00e4s platvormile ja materjalidele.<\/span><\/p>\n<p><span style=\"font-weight: 400;\">3.1.3. Andke v\u00f5imalus konsulteerida ekspertidega. Ekspertide all m\u00f5istetakse isikuid, kes T\u00e4itja nimel n\u00f5ustavad Tellijat ja kontrollivad Tellija poolt t\u00e4idetavaid \u00fclesandeid.<\/span><\/p>\n<p><span style=\"font-weight: 400;\">3.1.4. \u00c4rge avaldage Kliendilt saadud konfidentsiaalset teavet.<\/span><\/p>\n<p><span style=\"font-weight: 400;\">3.2. Esitajal on \u00f5igus:<\/span><\/p>\n<p><span style=\"font-weight: 400;\">3.2.1. M\u00e4\u00e4rake iseseisvalt kindlaks teenuste osutamise vormid ja meetodid, l\u00e4htudes seaduse n\u00f5uetest, samuti lepingu konkreetsetest tingimustest.<\/span><\/p>\n<p><span style=\"font-weight: 400;\">3.2.2. M\u00e4\u00e4rake iseseisvalt teenuseid osutavate spetsialistide koosseis.<\/span><\/p>\n<p><span style=\"font-weight: 400;\">3.2.3. Keelduda Teenuste osutamise kohustuse \u00fchepoolsest kohtuv\u00e4liselt t\u00e4itmisest, kui Klient ei ole lepinguj\u00e4rgsete Teenuste eest t\u00e4ielikult ja etten\u00e4htud aja jooksul tasunud.<\/span><\/p>\n<p><span style=\"font-weight: 400;\">3.3. Klient on kohustatud:<\/span><\/p>\n<p><span style=\"font-weight: 400;\">3.3.1. Teavitada T\u00f6\u00f6v\u00f5tjat m\u00f5juvatest p\u00f5hjustest, miks Klient ei saa Materjalidega tutvuda\/\u00fcritustel osaleda.<\/span><\/p>\n<p><span style=\"font-weight: 400;\">3.3.2. Tutvuge Materjalidega, osalege \u00fcritustel (sh kasutades kaugjuurdep\u00e4\u00e4su Interneti kaudu).<\/span><\/p>\n<p><span style=\"font-weight: 400;\">3.3.3. Kui teil on osutatavate teenuste kohta m\u00e4rkusi, saatke T\u00f6\u00f6v\u00f5tjale kirjalik p\u00f5hjendatud pretensioon 5 t\u00f6\u00f6p\u00e4eva jooksul alates Teenuste l\u00f5petamise kuup\u00e4evast. Kui Klient ei saada T\u00e4itjale eelpool nimetatud t\u00e4htaja jooksul kirjalikku p\u00f5hjendatud kaebust, loetakse Teenused n\u00f5uetekohaselt osutatuks ja Kliendi poolt kommentaarideta aktsepteerituks. Teenuste osutamise akte Pooled ei koosta.<\/span><\/p>\n<p><span style=\"font-weight: 400;\">3.4. T\u00f6\u00f6v\u00f5tja ei vastuta:<\/span><\/p>\n<p><span style=\"font-weight: 400;\">3.4.1. Tellija poolt Materjalidega tutvumata j\u00e4tmine, Tellija poolt lepingus etten\u00e4htud \u00fcritustel osalemata j\u00e4tmine p\u00f5hjendamatutel p\u00f5hjustel, ilma T\u00e4itjat kirjalikult teavitamata.<\/span><\/p>\n<p><span style=\"font-weight: 400;\">3.4.2. Isikliku konto v\u00f5imaluste mittekasutamine Kliendi poolt.<\/span><\/p>\n<p><span style=\"font-weight: 400;\">3.4.3. Kliendi subjektiivne hinnang ei ole Materjalide, s\u00fcndmuste v\u00f5i Teenuste kvaliteedi objektiivseks kriteeriumiks.<\/span><\/p>\n<ol start=\"4\">\n<li><span style=\"font-weight: 400;\">Lepingu kestus ja raha tagastamise kord<\/span><\/li>\n<\/ol>\n<p><span style=\"font-weight: 400;\">4.1. K\u00e4esolev leping j\u00f5ustub selle vastuv\u00f5tmise hetkest Kliendi poolt ja l\u00f5peb p\u00e4rast poolte vastastikuste kohustuste t\u00e4itmist.<\/span><\/p>\n<p><span style=\"font-weight: 400;\">4.2. T\u00f6\u00f6v\u00f5tjal on igal ajal \u00f5igus teha lepingus muudatusi, postitades Veebilehele lepingu uue versiooni. Kliendi poolt teenuste eest tasumine ja platvormi igasugune kasutamine kinnitab kliendi n\u00f5usolekut lepingu uue versiooniga.<\/span><\/p>\n<p><span style=\"font-weight: 400;\">4.3 Raha tagastamine on v\u00f5imalik Kliendi kirjalikul taotlusel Teenuste t\u00fchistamiseks.<\/span><\/p>\n<p><span style=\"font-weight: 400;\">4.3.1. Kui Klient keeldub Teenuse osutamisest, tagastab T\u00f6\u00f6v\u00f5tja Kliendile tasutud raha, millest on maha arvatud (k\u00f5ik j\u00e4rgmised):<\/span><\/p>\n<p><span style=\"font-weight: 400;\">\u2014 allpool punktis 4.3.2 nimetatud t\u00f6\u00f6v\u00f5tja tehtud kulutused,<\/span><\/p>\n<p><span style=\"font-weight: 400;\">\u2014 pangakulud, raha \u00fclekandmise vahendustasud (kui neid on),<\/span><\/p>\n<p><span style=\"font-weight: 400;\">\u2014 panga vahendustasud, intressid ja muud kulud, kui Klient keeldub piisava kvaliteediga Teenustest, mille tasumisel kasutatakse pangatooteid (tarbimislaenud, j\u00e4relmaksud jne).<\/span><\/p>\n<p><span style=\"font-weight: 400;\">\u00dchem\u00f5ttelise t\u00f5lgendamise eesm\u00e4rgil: kui Tellija keeldub kvaliteetselt, pangatoodetega (tarbimislaenud, j\u00e4relmaksud jms tooted) tasutud Teenustest, arvestatakse tagastamisele kuuluv summa ja punktis 4.3.2 nimetatud T\u00f6\u00f6v\u00f5tja kulud alates rahasumma, mille T\u00f6\u00f6v\u00f5tja sai pangast Kliendile osutatud Teenuste eest tasumiseks.<\/span><\/p>\n<p><span style=\"font-weight: 400;\">4.3.2. T\u00f6\u00f6v\u00f5tja kulud (tegelikud kulud ja osutatud teenuste maksumus) m\u00e4\u00e4ratakse j\u00e4rgmiselt:<\/span><\/p>\n<p><span style=\"font-weight: 400;\">- kui Platvormil Kliendi Isiklikul Kontol saadaolevate Materjalide maht j\u00e4i vahemikku 0% kuni 10% Materjalide kogumahust, siis on T\u00f6\u00f6v\u00f5tja kulud 60% Teenuste maksumusest. Kliendile tagastatakse 40% Teenuste maksumusest;<\/span><\/p>\n<p><span style=\"font-weight: 400;\">- kui Platvormil Kliendi Isiklikul Kontol saadaolevate Materjalide maht j\u00e4i vahemikku 11% kuni 20% Materjalide kogumahust, siis T\u00f6\u00f6v\u00f5tja kulud moodustavad 70% Teenuste maksumusest. Kliendile tagastatakse 30% Teenuste maksumusest;<\/span><\/p>\n<p><span style=\"font-weight: 400;\">- kui Platvormil Kliendi Isiklikul Kontol saadaolevate Materjalide maht j\u00e4i vahemikku 21% kuni 30% Materjalide kogumahust, siis on T\u00f6\u00f6v\u00f5tja kulud 80% Teenuste maksumusest. Kliendile tagastatakse 20% Teenuste maksumusest;<\/span><\/p>\n<p><span style=\"font-weight: 400;\">- kui Platvormil Kliendi Isiklikul Kontol saadaolevate Materjalide maht j\u00e4i vahemikku 31% kuni 40% Materjalide kogumahust, siis on T\u00f6\u00f6v\u00f5tja kulud 90% Teenuste maksumusest. Kliendile tagastatakse 10% Teenuste maksumusest;<\/span><\/p>\n<p><span style=\"font-weight: 400;\">- kui Platvormil Kliendi Isiklikul Kontol saadaolevate Materjalide maht j\u00e4i vahemikku 41% kuni 100% Materjalide kogumahust, siis T\u00f6\u00f6v\u00f5tja kulud moodustavad 100% Teenuste maksumusest. Kliendile tagastatakse 0% Teenuste maksumusest.<\/span><\/p>\n<p><span style=\"font-weight: 400;\">4.3.3. Tagasimakse summa arvutatakse kuup\u00e4eval, mil T\u00f6\u00f6v\u00f5tja saab Tellija avalduse k\u00e4tte.<\/span><\/p>\n<p><span style=\"font-weight: 400;\">4.4. Kliendi poolt punkti 3.3.2 kohaste n\u00f5uete t\u00e4itmata j\u00e4tmisel. k\u00e4esoleva lepingu kohast (Kliendi isiklikul kontol olevate materjalidega tutvumata j\u00e4tmine isiklikul kontol m\u00e4\u00e4ratud t\u00e4htaegadel, \u00fcritustel osalemata j\u00e4tmine) rahalisi vahendeid ei tagastata ning Teenused loetakse t\u00e4ies mahus osutatuks.<\/span><\/p>\n<ol start=\"5\">\n<li><span style=\"font-weight: 400;\">V\u00e4\u00e4ramatu j\u00f5u asjaolud<\/span><\/li>\n<\/ol>\n<p><span style=\"font-weight: 400;\">5.1. Seaduses sellisena tunnustatud v\u00e4\u00e4ramatu j\u00f5u asjaolud, mis ei v\u00f5imalda \u00fchelgi poolel k\u00e4esolevat lepingut t\u00e4ita, v\u00f5ivad olla Pooled vastutusest vabastavad p\u00f5hjused.<\/span><\/p>\n<p><span style=\"font-weight: 400;\">5.2. Pool, kes viitab v\u00e4\u00e4ramatu j\u00f5u asjaoludele, on kohustatud viivitamatult teist Poolt selliste asjaolude ilmnemisest kirjalikult teavitama. Kui eelnimetatud asjaolud kestavad \u00fcle kuue kuu, on kummalgi Poolel \u00f5igus k\u00e4esolev leping \u00fchepoolselt l\u00f5petada, teatades sellest teisele Poolele \u00fcks kuu enne k\u00e4esoleva lepingu l\u00f5petamise kuup\u00e4eva.<\/span><\/p>\n<ol start=\"6\">\n<li><span style=\"font-weight: 400;\">Intellektuaalomand ja piirangud platvormi kasutamisel<\/span><\/li>\n<\/ol>\n<p><span style=\"font-weight: 400;\">6.1. T\u00f6\u00f6v\u00f5tja materjale kasutades, samuti Platvormi kasutades, tunnistab ja n\u00f5ustub Klient, et kogu Platvormi sisu ja Platvormi sisu struktuur on kaitstud autori\u00f5iguse, kaubam\u00e4rgi- ja muude \u00f5igustega intellektuaalse tegevuse tulemustele ning et need \u00f5igused kehtivad ja on kaitstud k\u00f5ikides vormides, k\u00f5igis meediakanalites ja k\u00f5igi tehnoloogiate suhtes, nii praegu olemasolevate kui ka hiljem v\u00e4lja t\u00f6\u00f6tatud v\u00f5i loodud. Materjalide ja platvormi kasutamise tulemusena ei l\u00e4he Kliendile \u00fcle mingeid \u00f5igusi T\u00f6\u00f6v\u00f5tjale kuuluvate materjalide ja platvormi sisule, sealhulgas, kuid mitte ainult, audiovisuaalsetele teostele, teksti- ja graafilistele materjalidele, arvutiprogrammidele, kaubam\u00e4rkidele. lepingu s\u00f5lmimine.<\/span><\/p>\n<p><span style=\"font-weight: 400;\">6.2. Kliendil on keelatud Platvormilt saadud mis tahes informatsiooni (sh klasside osad ja komponendid, kursuste raamatukogud, koolitusprogrammid, artiklid) kopeerimine, muutmine, muutmine, kustutamine, t\u00e4iendamine, avaldamine, edastamine, v\u00e4lja arvatud juhtudel, kui see funktsioon on s\u00f5naselgelt ette n\u00e4htud. pakutakse Platvormil;<\/span><\/p>\n<p><span style=\"font-weight: 400;\">6.3. Kliendil on keelatud:<\/span><\/p>\n<p><span style=\"font-weight: 400;\">6.3.1. kasutada Platvormil olevaid intellektuaalomandi objekte (Platvormil olevat teavet) \u00e4ritegevuseks, kasumi teenimiseks v\u00f5i seadusega vastuolus olevaks kasutamiseks. Sel juhul on Kliendil \u00f5igus kasutada Teenuste saamise tulemusena omandatud oskusi ja teadmisi;<\/span><\/p>\n<p><span style=\"font-weight: 400;\">6.3.2. kopeerida v\u00f5i muul viisil kasutada Platvormi tarkvaraosa, samuti selle kujundust;<\/span><\/p>\n<p><span style=\"font-weight: 400;\">6.3.3. postitada Platvormile kolmandate isikute isikuandmeid ilma nende n\u00f5usolekuta, sealhulgas kodused aadressid, telefoninumbrid, passiandmed, e-posti aadressid;<\/span><\/p>\n<p><span style=\"font-weight: 400;\">6.3.4. postitada platvormile kommertsreklaame, kommertspakkumisi,<\/span><\/p>\n<p><span style=\"font-weight: 400;\">propagandateave ja muu pealet\u00fckkiv teave, v\u00e4lja arvatud juhul, kui sellise teabe paigutamine on t\u00f6\u00f6v\u00f5tjaga kokku lepitud;<\/span><\/p>\n<p><span style=\"font-weight: 400;\">6.3.5. muuta mis tahes viisil Platvormi tarkvaraosa, v\u00f5tta meetmeid, mille eesm\u00e4rk on muuta Platvormi toimimist ja j\u00f5udlust;<\/span><\/p>\n<p><span style=\"font-weight: 400;\">6.4. Kui platvormi funktsioonid seda selges\u00f5naliselt ette n\u00e4evad, kohustub Klient Platvormilt materjalide tsiteerides esitama lingi Platvormile.<\/span><\/p>\n<ol start=\"7\">\n<li><span style=\"font-weight: 400;\">Dokumentide ja teabe vahetamise tingimused<\/span><\/li>\n<\/ol>\n<p><span style=\"font-weight: 400;\">7.1. Ametlikud suhtluskanalid dokumentide ja (v\u00f5i) teabe edastamiseks <\/span><span style=\"font-weight: 400;\">on<\/span><\/p>\n<ul>\n<li><span style=\"font-weight: 400;\">E-post;<\/span><\/li>\n<li><span style=\"font-weight: 400;\"> kullerteenus;<\/span><\/li>\n<li><span style=\"font-weight: 400;\"> Kliendi isiklik konto;<\/span><\/li>\n<li><span style=\"font-weight: 400;\"> elektrooniline dokumendihalduss\u00fcsteem.<\/span><\/li>\n<\/ul>\n<p><span style=\"font-weight: 400;\">7.2.1. Kliendi e-post tunnistatakse ametlikuks suhtluskanaliks, kui:<\/span><\/p>\n<p><span style=\"font-weight: 400;\">\u2014 see on e-posti aadress, millele on registreeritud Kliendi isiklik konto; v\u00f5i\/ja<\/span><\/p>\n<p><span style=\"font-weight: 400;\">\u2014 see on kiri, mis on lingitud Kliendi isikliku kontoga; v\u00f5i\/ja<\/span><\/p>\n<p><span style=\"font-weight: 400;\">\u2014 see on Kliendi andmetes m\u00e4rgitud post;<\/span><\/p>\n<p><span style=\"font-weight: 400;\">7.2.2. T\u00f6\u00f6v\u00f5tja e-posti aadress tunnistatakse ametlikuks suhtluskanaliks, kui:<\/span><\/p>\n<p><span style=\"font-weight: 400;\">&#8212; \u044d\u0442\u043e \u043f\u043e\u0447\u0442\u0430 info@ambre.ee.<\/span><\/p>\n<p><span style=\"font-weight: 400;\">7.3. Pooled tunnustavad kohtus kirjalike t\u00f5enditena Interneti kaudu e-posti teel saadetud avaldusi, kirju, faile, sealhulgas Teenuste tulemusi sisaldavaid faile. Nende t\u00f5enditena esitamisel piisab, kui esitada tr\u00fckitud elektrooniline teade, toimik, mis on kinnitatud volitatud isiku allkirja ja esitava poole pitseriga.<\/span><\/p>\n<ol start=\"8\">\n<li><span style=\"font-weight: 400;\"> Muud tingimused<\/span><\/li>\n<\/ol>\n<p><span style=\"font-weight: 400;\">8.1. K\u00e4esolevas lepingus nimetamata pooltevahelisi suhteid reguleerivad kehtivad Eesti Vabariigis kehtivad \u00f5igusaktid.<\/span><\/p>\n<p><span style=\"font-weight: 400;\">8.2. K\u00f5ik k\u00e4esoleva lepingu t\u00e4itmisel ja l\u00f5petamisel tekkivad vaidlused lahendatakse l\u00e4bir\u00e4\u00e4kimiste teel v\u00f5i kohtus T\u00e4itja asukohas. Kui \u00fcks Pooltest asub v\u00e4ljaspool Eesti Vabariiki, k\u00e4sitletakse vaidlusi Eesti Vabariigi territooriumil, T\u00f6\u00f6v\u00f5tja asukohas.<\/span><\/p>\n<ol start=\"9\">\n<li><span style=\"font-weight: 400;\"> T\u00f6\u00f6v\u00f5tja andmed<\/span><\/li>\n<\/ol>\n<p><span style=\"font-weight: 400;\">Ambre Akadeemia O\u00dc<\/span><\/p>\n<p><span style=\"font-weight: 400;\">Juriidiline aadress: Pangapealse 28, Muraste, Harku vald, Harjumaa, Eesti<\/span><\/p>\n<p><span style=\"font-weight: 400;\">Tel +372 56 856 003<\/span><\/p>\n<p><span style=\"font-weight: 400;\">e-mail: info@ambre.ee<\/span><\/p>\n\t\t\t\t\t\t\t\t<\/div>\n\t\t\t\t<\/div>\n\t\t\t\t\t<\/div>\n\t\t\t\t<\/div>\n\t\t\t\t<section class=\"elementor-section elementor-top-section elementor-element elementor-element-7663fdb4 elementor-section-boxed elementor-section-height-default elementor-section-height-default e-parent\" data-id=\"7663fdb4\" data-element_type=\"section\" data-e-type=\"section\">\n\t\t\t\t\t\t<div class=\"elementor-container elementor-column-gap-default\">\n\t\t\t\t\t<div class=\"elementor-column elementor-col-100 elementor-top-column elementor-element elementor-element-131186fb lakit-col-width-auto-no\" data-id=\"131186fb\" data-element_type=\"column\" data-e-type=\"column\">\n\t\t\t<div class=\"elementor-widget-wrap\">\n\t\t\t\t\t\t\t<\/div>\n\t\t<\/div>\n\t\t\t\t\t<\/div>\n\t\t<\/section>\n\t\t\t\t<\/div>","protected":false},"excerpt":{"rendered":"<p>\u0433. \u0422\u0430\u043b\u043b\u0438\u043d\u043d \u0414\u0430\u043d\u043d\u044b\u0439 \u0434\u043e\u043a\u0443\u043c\u0435\u043d\u0442 \u044f\u0432\u043b\u044f\u0435\u0442\u0441\u044f \u043e\u0444\u0438\u0446\u0438\u0430\u043b\u044c\u043d\u044b\u043c \u043f\u0440\u0435\u0434\u043b\u043e\u0436\u0435\u043d\u0438\u0435\u043c Ambre Akadeemia O\u00dc, \u0438\u043c\u0435\u043d\u0443\u0435\u043c\u043e\u0439 \u0432 \u0434\u0430\u043b\u044c\u043d\u0435\u0439\u0448\u0435\u043c \u0418\u0441\u043f\u043e\u043b\u043d\u0438\u0442\u0435\u043b\u044c \u0438 \u0441\u043e\u0434\u0435\u0440\u0436\u0438\u0442 \u0432\u0441\u0435 \u0441\u0443\u0449\u0435\u0441\u0442\u0432\u0435\u043d\u043d\u044b\u0435 \u0443\u0441\u043b\u043e\u0432\u0438\u044f \u0434\u043e\u0433\u043e\u0432\u043e\u0440\u0430 \u043e\u043a\u0430\u0437\u0430\u043d\u0438\u044f \u0443\u0441\u043b\u0443\u0433. \u041e\u043f\u0440\u0435\u0434\u0435\u043b\u0435\u043d\u0438\u044f: \u0417\u0430\u043a\u0430\u0437\u0447\u0438\u043a &#8212; \u0444\u0438\u0437\u0438\u0447\u0435\u0441\u043a\u043e\u0435 \u043b\u0438\u0446\u043e, \u043f\u0440\u0438\u043e\u0431\u0440\u0435\u0442\u0430\u044e\u0449\u0435\u0435 \u0443\u0441\u043b\u0443\u0433\u0438 \u0443 \u0418\u0441\u043f\u043e\u043b\u043d\u0438\u0442\u0435\u043b\u044f. \u0423\u0441\u043b\u0443\u0433\u0438 \u2013 \u0443\u0441\u043b\u0443\u0433\u0438 \u0434\u043e\u0441\u0442\u0443\u043f\u0430 \u043a \u041f\u043b\u0430\u0442\u0444\u043e\u0440\u043c\u0435, \u043f\u0440\u0435\u0434\u043d\u0430\u0437\u043d\u0430\u0447\u0435\u043d\u043d\u043e\u0439 \u0434\u043b\u044f \u043e\u0431\u0443\u0447\u0435\u043d\u0438\u044f. \u041f\u043b\u0430\u0442\u0444\u043e\u0440\u043c\u0430 \u0440\u0430\u0441\u043f\u043e\u043b\u043e\u0436\u0435\u043d\u0430 \u0432 \u0441\u0435\u0442\u0438 \u0438\u043d\u0442\u0435\u0440\u043d\u0435\u0442 \u043f\u043e \u0430\u0434\u0440\u0435\u0441\u0443 ambre.ee. \u041f\u043b\u0430\u0442\u0444\u043e\u0440\u043c\u0430 \u043f\u0440\u0435\u0434\u0441\u0442\u0430\u0432\u043b\u044f\u0435\u0442 \u0441\u043e\u0431\u043e\u0439&hellip;<\/p>","protected":false},"author":1,"featured_media":0,"parent":0,"menu_order":0,"comment_status":"closed","ping_status":"closed","template":"","meta":{"_seopress_robots_primary_cat":"","_seopress_titles_title":"","_seopress_titles_desc":"","_seopress_robots_index":"","_uf_show_specific_survey":0,"_uf_disable_surveys":false,"footnotes":""},"class_list":["post-19","page","type-page","status-publish","hentry"],"acf":[],"_links":{"self":[{"href":"https:\/\/ambre.ee\/et\/wp-json\/wp\/v2\/pages\/19","targetHints":{"allow":["GET"]}}],"collection":[{"href":"https:\/\/ambre.ee\/et\/wp-json\/wp\/v2\/pages"}],"about":[{"href":"https:\/\/ambre.ee\/et\/wp-json\/wp\/v2\/types\/page"}],"author":[{"embeddable":true,"href":"https:\/\/ambre.ee\/et\/wp-json\/wp\/v2\/users\/1"}],"replies":[{"embeddable":true,"href":"https:\/\/ambre.ee\/et\/wp-json\/wp\/v2\/comments?post=19"}],"version-history":[{"count":27,"href":"https:\/\/ambre.ee\/et\/wp-json\/wp\/v2\/pages\/19\/revisions"}],"predecessor-version":[{"id":7782,"href":"https:\/\/ambre.ee\/et\/wp-json\/wp\/v2\/pages\/19\/revisions\/7782"}],"wp:attachment":[{"href":"https:\/\/ambre.ee\/et\/wp-json\/wp\/v2\/media?parent=19"}],"curies":[{"name":"wp","href":"https:\/\/api.w.org\/{rel}","templated":true}]}}