{"id":3,"date":"2023-05-19T11:46:16","date_gmt":"2023-05-19T08:46:16","guid":{"rendered":"http:\/\/kurs.sqba.ru\/?page_id=3"},"modified":"2023-11-28T15:12:38","modified_gmt":"2023-11-28T12:12:38","slug":"konfidentsuaalsuspoliitika","status":"publish","type":"page","link":"https:\/\/ambre.ee\/et\/konfidentsuaalsuspoliitika\/","title":{"rendered":"Konfidentsuaalsuspoliitika"},"content":{"rendered":"<div data-elementor-type=\"wp-page\" data-elementor-id=\"3\" class=\"elementor elementor-3\">\n\t\t\t\t\t\t<section class=\"elementor-section elementor-top-section elementor-element elementor-element-30f7df0 elementor-section-boxed elementor-section-height-default elementor-section-height-default e-parent\" data-id=\"30f7df0\" data-element_type=\"section\" data-e-type=\"section\">\n\t\t\t\t\t\t<div class=\"elementor-container elementor-column-gap-default\">\n\t\t\t\t\t<div class=\"elementor-column elementor-col-100 elementor-top-column elementor-element elementor-element-136b6653 lakit-col-width-auto-no\" data-id=\"136b6653\" data-element_type=\"column\" data-e-type=\"column\">\n\t\t\t<div class=\"elementor-widget-wrap elementor-element-populated\">\n\t\t\t\t<div class=\"elementor-element elementor-element-bd20a12 e-flex e-con-boxed lakit-col-width-auto-no e-container e-root-container elementor-top-section e-con e-parent\" data-id=\"bd20a12\" data-element_type=\"container\" data-e-type=\"container\">\n\t\t\t\t\t<div class=\"e-con-inner\">\n\t\t\t\t<div class=\"elementor-element elementor-element-f40e335 elementor-widget elementor-widget-text-editor\" data-id=\"f40e335\" data-element_type=\"widget\" data-e-type=\"widget\" data-widget_type=\"text-editor.default\">\n\t\t\t\t<div class=\"elementor-widget-container\">\n\t\t\t\t\t\t\t\t\t<p><span style=\"font-weight: 400;\">Veebilehe ambre.ee administratsioon on p\u00fchendunud teie privaatsuse s\u00e4ilitamisele Internetis. Peame v\u00e4ga t\u00e4htsaks teie esitatud andmete kaitsmist. Meie privaatsuspoliitika p\u00f5hineb n\u00f5uetel <\/span><a href=\"https:\/\/ec.europa.eu\/info\/law\/law-topic\/data-protection_en\"><span style=\"font-weight: 400;\">Euroopa Liidu andmekaitse \u00fcldm\u00e4\u00e4rus (GDPR). <\/span><\/a><span style=\"font-weight: 400;\">Isikuandmete kogumise eesm\u00e4rgid: meie teenuse toimimise parandamine, selle saidi k\u00fclastajatega kontaktide loomine, kasutajaandmete t\u00f6\u00f6tlemine veebip\u00f5hise kauplemisteenuse jaoks, selle saidi tegevusega seotud teenuste pakkumine, samuti loetletud toimingute jaoks allpool.<\/span><\/p>\n<h3><b>Isikuandmete kogumine ja kasutamine<\/b><\/h3>\n<p><span style=\"font-weight: 400;\">Kogume ja kasutame teie isikuandmeid ainult teie vabatahtlikul n\u00f5usolekul. Sellega n\u00f5ustudes volitate meid koguma ja kasutama j\u00e4rgmisi andmeid: ees- ja perekonnanimi, e-posti aadress, telefoninumber, kodune aadress. Teie andmete kogumine ja t\u00f6\u00f6tlemine toimub vastavalt Euroopa Liidus ja Eesti riigis kehtivatele seadustele.<\/span><\/p>\n<h3><b>Andmete salvestamine, muutmine ja kustutamine<\/b><\/h3>\n<p><span style=\"font-weight: 400;\">Ambre.ee veebilehele oma isikuandmeid esitanud kasutajal on \u00f5igus neid muuta ja kustutada, samuti tagasi v\u00f5tta n\u00f5usolek nende kasutamiseks. Teie isikuandmete s\u00e4ilitamise periood: 7 aastat. Kui olete oma andmete kasutamise l\u00f5petanud, kustutab saidi administratsioon need. Isikuandmetele juurdep\u00e4\u00e4su saamiseks v\u00f5ite p\u00f6\u00f6rduda saidi administratsiooni poole j\u00e4rgmisel aadressil: Pangapealse 28, Muraste, Harku vald, Harjumaa, Eesti. Saame teie isikuandmeid kolmandale osapoolele edastada ainult teie vabatahtlikul n\u00f5usolekul, kui need on edastatud, siis ei saa me andmeid muuta teistes meiega mitteseotud organisatsioonides.<\/span><\/p>\n<h3><b>Tehniliste andmete kasutamine saidi k\u00fclastamisel<\/b><\/h3>\n<p><span style=\"font-weight: 400;\">Kui k\u00fclastate ambre.ee veebisaiti, salvestatakse andmebaasi kirjed teie IP-aadressi, k\u00fclastuse aja, brauseri seadete, operatsioonis\u00fcsteemi ning muu saidi sisu korrektseks kuvamiseks vajaliku tehnilise teabe kohta. Neid andmeid kasutades on meil v\u00f5imatu tuvastada k\u00fclastaja isikut.<\/span><\/p>\n<h3><b>Laste poolt teabe edastamine<\/b><\/h3>\n<p><span style=\"font-weight: 400;\">\u0415\u0441\u043b\u0438 \u0412\u044b \u044f\u0432\u043b\u044f\u0435\u0442\u0435\u0441\u044c \u0440\u043e\u0434\u0438\u0442\u0435\u043b\u0435\u043c \u0438\u043b\u0438 \u043e\u043f\u0435\u043a\u0443\u043d\u043e\u043c, \u0438 \u0432\u044b \u0437\u043d\u0430\u0435\u0442\u0435, \u0447\u0442\u043e \u0432\u0430\u0448\u0438 \u0434\u0435\u0442\u0438 \u043f\u0440\u0435\u0434\u043e\u0441\u0442\u0430\u0432\u0438\u043b\u0438 \u043d\u0430\u043c \u0441\u0432\u043e\u0438 \u043b\u0438\u0447\u043d\u044b\u0435 \u0434\u0430\u043d\u043d\u044b\u0435 \u0431\u0435\u0437 \u0412\u0430\u0448\u0435\u0433\u043e \u0441\u043e\u0433\u043b\u0430\u0441\u0438\u044f, \u0441\u0432\u044f\u0436\u0438\u0442\u0435\u0441\u044c \u0441 \u043d\u0430\u043c\u0438: info@ambre.ee. \u041d\u0430 \u043d\u0430\u0448\u0435\u043c \u0441\u0435\u0440\u0432\u0438\u0441\u0435 \u0437\u0430\u043f\u0440\u0435\u0449\u0435\u043d\u043e \u043e\u0441\u0442\u0430\u0432\u043b\u044f\u0442\u044c \u043b\u0438\u0447\u043d\u044b\u0435 \u0434\u0430\u043d\u043d\u044b\u0435 \u043d\u0435\u0441\u043e\u0432\u0435\u0440\u0448\u0435\u043d\u043d\u043e\u043b\u0435\u0442\u043d\u0438\u0445 \u0431\u0435\u0437 \u0441\u043e\u0433\u043b\u0430\u0441\u0438\u044f \u0440\u043e\u0434\u0438\u0442\u0435\u043b\u0435\u0439 \u0438\u043b\u0438 \u043e\u043f\u0435\u043a\u0443\u043d\u043e\u0432.<\/span><\/p>\n<h3><b>K\u00fcpsiste kasutamine<\/b><\/h3>\n<p><span style=\"font-weight: 400;\">Sisu korrektseks kuvamiseks ja ambre.ee veebilehe kasutamise h\u00f5lbustamiseks kasutame k\u00fcpsiseid. Need on v\u00e4ikesed failid, mis salvestatakse teie seadmesse. Need aitavad saidil meeles pidada teavet teie kohta, n\u00e4iteks seda, mis keeles te saiti vaatate ja milliseid lehti olete juba avanud. See teave on kasulik j\u00e4rgmisel k\u00fclastamisel. K\u00fcpsised muudavad saidi sirvimise palju mugavamaks. Nende failide kohta saate lisateavet <\/span><a href=\"https:\/\/ru.wikipedia.org\/wiki\/Cookie\"><span style=\"font-weight: 400;\">loe siit<\/span><\/a><span style=\"font-weight: 400;\">. Saate seadistada oma brauseri k\u00fcpsiseid ise vastu v\u00f5tma v\u00f5i blokeerima. K\u00fcpsiste aktsepteerimata j\u00e4tmine v\u00f5ib piirata saidi funktsionaalsust.<\/span><\/p>\n<h3><b>Isikuandmete kasutamine muude teenuste poolt<\/b><\/h3>\n<p><span style=\"font-weight: 400;\">See sait kasutab kolmandate osapoolte Interneti-teenuseid, mis koguvad teavet meist s\u00f5ltumatult: Facebook.com ja Google Analytics. Nende kogutud andmeid v\u00f5idakse jagada nende organisatsioonide teiste teenustega, kes v\u00f5ivad kasutada andmeid oma reklaamiv\u00f5rgustiku reklaamide isikup\u00e4rastamiseks. Nende organisatsioonide kasutuslepinguid saate lugeda nende veebisaitidelt. Seal saate keelduda neilt isikuandmete kogumisest, n\u00e4iteks blokeerijalt <\/span><a href=\"https:\/\/tools.google.com\/dlpage\/gaoptout?hl=ru\"><span style=\"font-weight: 400;\">Google Analytics on siin<\/span><\/a><span style=\"font-weight: 400;\">. Me ei jaga isikuandmeid teiste organisatsioonide v\u00f5i teenustega, mida pole k\u00e4esolevas privaatsuspoliitikas loetletud. Ainus erand on teabe edastamine nende toimingute tegemiseks volitatud valitsusasutuste seaduslike n\u00f5uete alusel.<\/span><\/p>\n<h3><b>Lingid teistele saitidele<\/b><\/h3>\n<p><span style=\"font-weight: 400;\">Meie veebisait ambre.ee v\u00f5ib sisaldada linke teistele veebisaitidele, mida me ei halda. Me ei vastuta nende sisu eest. Soovitame teil lugeda iga k\u00fclastatava veebisaidi privaatsuspoliitikat, kui see on olemas.<\/span><\/p>\n<h3><b>Muudatused privaatsuspoliitikas<\/b><\/h3>\n<p><span style=\"font-weight: 400;\">Meie veebisait ambre.ee v\u00f5ib meie privaatsuspoliitikat aeg-ajalt uuendada. Teavitame teid k\u00f5igist muudatustest, postitades sellele lehele uue privaatsuspoliitika. J\u00e4lgime isikuandmeid puudutavate \u00f5igusaktide muudatusi Euroopa Liidus ja Eesti riigis. Kui olete j\u00e4tnud meile isikuandmeid, teavitame teid privaatsuspoliitika muudatustest. Kui teie isikuandmed on valesti sisestatud, ei saa me teiega \u00fchendust v\u00f5tta.<\/span><\/p>\n<h3><b>Tagasiside, l\u00f5pps\u00e4tted<\/b><\/h3>\n<p><span style=\"font-weight: 400;\">\u0421\u0432\u044f\u0437\u0430\u0442\u044c\u0441\u044f \u0441 \u0430\u0434\u043c\u0438\u043d\u0438\u0441\u0442\u0440\u0430\u0446\u0438\u0435\u0439 \u0441\u0430\u0439\u0442\u0430 ambre.ee \u043f\u043e \u0432\u043e\u043f\u0440\u043e\u0441\u0430\u043c, \u0441\u0432\u044f\u0437\u0430\u043d\u043d\u044b\u043c \u0441 \u043f\u043e\u043b\u0438\u0442\u0438\u043a\u043e\u0439 \u043a\u043e\u043d\u0444\u0438\u0434\u0435\u043d\u0446\u0438\u0430\u043b\u044c\u043d\u043e\u0441\u0442\u0438 \u043c\u043e\u0436\u043d\u043e \u043f\u043e \u0430\u0434\u0440\u0435\u0441\u0443: info@ambre.ee , \u043b\u0438\u0431\u043e \u0441 \u043f\u043e\u043c\u043e\u0449\u044c\u044e \u043a\u043e\u043d\u0442\u0430\u043a\u0442\u043d\u043e\u0439 \u0444\u043e\u0440\u043c\u044b \u0443\u043a\u0430\u0437\u0430\u043d\u043d\u043e\u0439 \u0432 \u0441\u043e\u043e\u0442\u0432\u0435\u0442\u0441\u0442\u0432\u0443\u044e\u0449\u0435\u043c \u0440\u0430\u0437\u0434\u0435\u043b\u0435 \u0434\u0430\u043d\u043d\u043e\u0433\u043e \u0441\u0430\u0439\u0442\u0430. \u0415\u0441\u043b\u0438 \u0432\u044b \u043d\u0435 \u0441\u043e\u0433\u043b\u0430\u0441\u043d\u044b \u0441 \u0434\u0430\u043d\u043d\u043e\u0439 \u043f\u043e\u043b\u0438\u0442\u0438\u043a\u043e\u0439 \u043a\u043e\u043d\u0444\u0438\u0434\u0435\u043d\u0446\u0438\u0430\u043b\u044c\u043d\u043e\u0441\u0442\u0438, \u0432\u044b \u043d\u0435 \u043c\u043e\u0436\u0435\u0442\u0435 \u043f\u043e\u043b\u044c\u0437\u043e\u0432\u0430\u0442\u044c\u0441\u044f \u0443\u0441\u043b\u0443\u0433\u0430\u043c\u0438 \u0441\u0430\u0439\u0442\u0430 ambre.ee, \u0432 \u044d\u0442\u043e\u043c \u0441\u043b\u0443\u0447\u0430\u0435 \u0432\u044b \u0434\u043e\u043b\u0436\u043d\u044b \u0432\u043e\u0437\u0434\u0435\u0440\u0436\u0430\u0442\u044c\u0441\u044f \u043e\u0442 \u043f\u043e\u0441\u0435\u0449\u0435\u043d\u0438\u044f \u043d\u0430\u0448\u0435\u0433\u043e \u0441\u0430\u0439\u0442\u0430.<\/span><\/p>\n<p><span style=\"font-weight: 400;\">Isikuandmete vastutav t\u00f6\u00f6tleja on Ambre Akadeemia O\u00dc, maksete tegemiseks vajalikud isikuandmed edastab Ambre Akadeemia O\u00dc volitatud t\u00f6\u00f6tleja Maksekeskus AS-le.<\/span><\/p>\n<p><\/p>\t\t\t\t\t\t\t\t<\/div>\n\t\t\t\t<\/div>\n\t\t\t\t\t<\/div>\n\t\t\t\t<\/div>\n\t\t\t\t\t<\/div>\n\t\t<\/div>\n\t\t\t\t\t<\/div>\n\t\t<\/section>\n\t\t\t\t<\/div>","protected":false},"excerpt":{"rendered":"<p>\u0410\u0434\u043c\u0438\u043d\u0438\u0441\u0442\u0440\u0430\u0446\u0438\u044f \u0441\u0430\u0439\u0442\u0430 ambre.ee \u043e\u0431\u044f\u0437\u0443\u0435\u0442\u0441\u044f \u0441\u043e\u0445\u0440\u0430\u043d\u044f\u0442\u044c \u0432\u0430\u0448\u0443 \u043a\u043e\u043d\u0444\u0438\u0434\u0435\u043d\u0446\u0438\u0430\u043b\u044c\u043d\u043e\u0441\u0442\u044c \u0432 \u0418\u043d\u0442\u0435\u0440\u043d\u0435\u0442\u0435. \u041c\u044b \u0443\u0434\u0435\u043b\u044f\u0435\u043c \u0431\u043e\u043b\u044c\u0448\u043e\u0435 \u0437\u043d\u0430\u0447\u0435\u043d\u0438\u0435 \u043e\u0445\u0440\u0430\u043d\u0435 \u043f\u0440\u0435\u0434\u043e\u0441\u0442\u0430\u0432\u043b\u0435\u043d\u043d\u044b\u0445 \u0432\u0430\u043c\u0438 \u0434\u0430\u043d\u043d\u044b\u0445. \u041d\u0430\u0448\u0430 \u043f\u043e\u043b\u0438\u0442\u0438\u043a\u0430 \u043a\u043e\u043d\u0444\u0438\u0434\u0435\u043d\u0446\u0438\u0430\u043b\u044c\u043d\u043e\u0441\u0442\u0438 \u043e\u0441\u043d\u043e\u0432\u0430\u043d\u0430 \u043d\u0430 \u0442\u0440\u0435\u0431\u043e\u0432\u0430\u043d\u0438\u044f\u0445 \u041e\u0431\u0449\u0435\u0433\u043e \u0440\u0435\u0433\u043b\u0430\u043c\u0435\u043d\u0442\u0430 \u043e \u0437\u0430\u0449\u0438\u0442\u0435 \u043f\u0435\u0440\u0441\u043e\u043d\u0430\u043b\u044c\u043d\u044b\u0445 \u0434\u0430\u043d\u043d\u044b\u0445 \u0415\u0432\u0440\u043e\u043f\u0435\u0439\u0441\u043a\u043e\u0433\u043e \u0421\u043e\u044e\u0437\u0430 (GDPR). \u0426\u0435\u043b\u0438, \u0432 \u043a\u043e\u0442\u043e\u0440\u044b\u0445 \u043c\u044b \u0441\u043e\u0431\u0438\u0440\u0430\u0435\u043c \u043f\u0435\u0440\u0441\u043e\u043d\u0430\u043b\u044c\u043d\u044b\u0435 \u0434\u0430\u043d\u043d\u044b\u0435: \u0443\u043b\u0443\u0447\u0448\u0435\u043d\u0438\u0435 \u0440\u0430\u0431\u043e\u0442\u044b \u043d\u0430\u0448\u0435\u0433\u043e \u0441\u0435\u0440\u0432\u0438\u0441\u0430, \u043e\u0441\u0443\u0449\u0435\u0441\u0442\u0432\u043b\u0435\u043d\u0438\u0435 \u043a\u043e\u043d\u0442\u0430\u043a\u0442\u043e\u0432 \u0441 \u043f\u043e\u0441\u0435\u0442\u0438\u0442\u0435\u043b\u044f\u043c\u0438 \u0434\u0430\u043d\u043d\u043e\u0433\u043e \u0441\u0430\u0439\u0442\u0430, \u043e\u0431\u0440\u0430\u0431\u043e\u0442\u043a\u0430 \u0434\u0430\u043d\u043d\u044b\u0445&hellip;<\/p>","protected":false},"author":1,"featured_media":0,"parent":0,"menu_order":0,"comment_status":"closed","ping_status":"open","template":"","meta":{"_seopress_robots_primary_cat":"","_seopress_titles_title":"","_seopress_titles_desc":"","_seopress_robots_index":"","_uf_show_specific_survey":0,"_uf_disable_surveys":false,"footnotes":""},"class_list":["post-3","page","type-page","status-publish","hentry"],"acf":[],"_links":{"self":[{"href":"https:\/\/ambre.ee\/et\/wp-json\/wp\/v2\/pages\/3","targetHints":{"allow":["GET"]}}],"collection":[{"href":"https:\/\/ambre.ee\/et\/wp-json\/wp\/v2\/pages"}],"about":[{"href":"https:\/\/ambre.ee\/et\/wp-json\/wp\/v2\/types\/page"}],"author":[{"embeddable":true,"href":"https:\/\/ambre.ee\/et\/wp-json\/wp\/v2\/users\/1"}],"replies":[{"embeddable":true,"href":"https:\/\/ambre.ee\/et\/wp-json\/wp\/v2\/comments?post=3"}],"version-history":[{"count":15,"href":"https:\/\/ambre.ee\/et\/wp-json\/wp\/v2\/pages\/3\/revisions"}],"predecessor-version":[{"id":7224,"href":"https:\/\/ambre.ee\/et\/wp-json\/wp\/v2\/pages\/3\/revisions\/7224"}],"wp:attachment":[{"href":"https:\/\/ambre.ee\/et\/wp-json\/wp\/v2\/media?parent=3"}],"curies":[{"name":"wp","href":"https:\/\/api.w.org\/{rel}","templated":true}]}}