{"id":4374,"date":"2023-08-22T16:44:35","date_gmt":"2023-08-22T13:44:35","guid":{"rendered":"http:\/\/kurs.sqba.ru\/?page_id=4374"},"modified":"2023-12-01T00:05:38","modified_gmt":"2023-11-30T21:05:38","slug":"makseviis","status":"publish","type":"page","link":"https:\/\/ambre.ee\/et\/makseviis\/","title":{"rendered":"\u041e\u043f\u043b\u0430\u0442\u0430"},"content":{"rendered":"<div data-elementor-type=\"wp-page\" data-elementor-id=\"4374\" class=\"elementor elementor-4374\">\n\t\t\t\t<div class=\"elementor-element elementor-element-0c7c25d e-flex e-con-boxed lakit-col-width-auto-no e-container e-root-container elementor-top-section e-con e-parent\" data-id=\"0c7c25d\" data-element_type=\"container\" data-e-type=\"container\">\n\t\t\t\t\t<div class=\"e-con-inner\">\n\t\t<div class=\"elementor-element elementor-element-7ba3d3a mob11111 e-flex e-con-boxed lakit-col-width-auto-no e-container e-root-container elementor-top-section e-con e-parent\" data-id=\"7ba3d3a\" data-element_type=\"container\" data-e-type=\"container\">\n\t\t\t\t\t<div class=\"e-con-inner\">\n\t\t<div class=\"elementor-element elementor-element-5fa2efe text-info1 e-flex e-con-boxed lakit-col-width-auto-no e-container e-root-container elementor-top-section e-con e-parent\" data-id=\"5fa2efe\" data-element_type=\"container\" data-e-type=\"container\" data-settings=\"{&quot;background_background&quot;:&quot;classic&quot;}\">\n\t\t\t\t\t<div class=\"e-con-inner\">\n\t\t\t\t<div class=\"elementor-element elementor-element-f3b16d8 elementor-widget__width-inherit text55 elementor-widget elementor-widget-text-editor\" data-id=\"f3b16d8\" data-element_type=\"widget\" data-e-type=\"widget\" data-widget_type=\"text-editor.default\">\n\t\t\t\t<div class=\"elementor-widget-container\">\n\t\t\t\t\t\t\t\t\t<h2>Makseviisid<\/h2><p>Online Ambre Akadeemia veebipoes saab eurodes tasuda j\u00e4rgmistel viisidel:<br \/>Pangalingid Eestis: Swedbank, SEB, Luminor, LHV, Coop Pank<\/p><p>Maksevahendaja on <a>Maksekeskus AS<\/a>Tasumine toimub v\u00e4ljaspool veebipoodi, turvalises keskkonnas - pangalingiga tasumisel vastava panga keskkonnas ning kaardiga tasumisel Maksekeskus AS turvalises keskkonnas. M\u00fc\u00fcjal puudub ligip\u00e4\u00e4s kliendi panga- ega kaardiandmetele. Leping j\u00f5ustub kulutatud summa e-poe kontole laekumisel.<\/p>\t\t\t\t\t\t\t\t<\/div>\n\t\t\t\t<\/div>\n\t\t\t\t<div class=\"elementor-element elementor-element-8ce7b84 elementor-widget__width-inherit text55 elementor-widget elementor-widget-text-editor\" data-id=\"8ce7b84\" data-element_type=\"widget\" data-e-type=\"widget\" id=\"logo11\" data-widget_type=\"text-editor.default\">\n\t\t\t\t<div class=\"elementor-widget-container\">\n\t\t\t\t\t\t\t\t\t<div><img decoding=\"async\" class=\"alignnone size-full wp-image-5435\" src=\"https:\/\/kurs.sqba.ru\/wp-content\/uploads\/2023\/08\/luminor-logo-1.png\" alt=\"\" width=\"131\" height=\"30\" \/><\/div>\n\n<div><img decoding=\"async\" class=\"alignnone size-full wp-image-5437\" src=\"https:\/\/kurs.sqba.ru\/wp-content\/uploads\/2023\/08\/image-7.png\" alt=\"\" width=\"75\" height=\"32\" \/><\/div>\n<div><img decoding=\"async\" class=\"alignnone size-full wp-image-5438\" src=\"https:\/\/kurs.sqba.ru\/wp-content\/uploads\/2023\/08\/lhv-logo-1.png\" alt=\"\" width=\"85\" height=\"29\" \/><\/div>\n<div><img loading=\"lazy\" decoding=\"async\" class=\"alignnone size-full wp-image-5439\" src=\"https:\/\/kurs.sqba.ru\/wp-content\/uploads\/2023\/08\/8999-swedbank-logo-default-1.png\" alt=\"\" width=\"153\" height=\"33\" \/><\/div>\t\t\t\t\t\t\t\t<\/div>\n\t\t\t\t<\/div>\n\t\t\t\t\t<\/div>\n\t\t\t\t<\/div>\n\t\t\t\t\t<\/div>\n\t\t\t\t<\/div>\n\t\t\t\t\t<\/div>\n\t\t\t\t<\/div>\n\t\t<div class=\"elementor-element elementor-element-ef16b5b e-flex e-con-boxed lakit-col-width-auto-no e-container e-root-container elementor-top-section e-con e-parent\" data-id=\"ef16b5b\" data-element_type=\"container\" data-e-type=\"container\">\n\t\t\t\t\t<div class=\"e-con-inner\">\n\t\t<div class=\"elementor-element elementor-element-e8a2643 mob11111 e-flex e-con-boxed lakit-col-width-auto-no e-container e-root-container elementor-top-section e-con e-parent\" data-id=\"e8a2643\" data-element_type=\"container\" data-e-type=\"container\">\n\t\t\t\t\t<div class=\"e-con-inner\">\n\t\t<div class=\"elementor-element elementor-element-6870438 e-flex e-con-boxed lakit-col-width-auto-no e-container e-root-container elementor-top-section e-con e-parent\" data-id=\"6870438\" data-element_type=\"container\" data-e-type=\"container\" data-settings=\"{&quot;background_background&quot;:&quot;classic&quot;}\">\n\t\t\t\t\t<div class=\"e-con-inner\">\n\t\t\t\t<div class=\"elementor-element elementor-element-e31ed6b elementor-widget elementor-widget-heading\" data-id=\"e31ed6b\" data-element_type=\"widget\" data-e-type=\"widget\" data-widget_type=\"heading.default\">\n\t\t\t\t<div class=\"elementor-widget-container\">\n\t\t\t\t\t<h2 class=\"elementor-heading-title elementor-size-default\">Tarneviisid<\/h2>\t\t\t\t<\/div>\n\t\t\t\t<\/div>\n\t\t\t\t<div class=\"elementor-element elementor-element-64f541d elementor-widget elementor-widget-text-editor\" data-id=\"64f541d\" data-element_type=\"widget\" data-e-type=\"widget\" data-widget_type=\"text-editor.default\">\n\t\t\t\t<div class=\"elementor-widget-container\">\n\t\t\t\t\t\t\t\t\t<div class=\"dostavka\"><div><img loading=\"lazy\" decoding=\"async\" class=\"alignnone size-full wp-image-5436\" src=\"https:\/\/kurs.sqba.ru\/wp-content\/uploads\/2023\/08\/image-9.png\" alt=\"\" width=\"91\" height=\"40\" \/><\/div><div>4 \u20ac<\/div><div>1-5 Tarneaeg<\/div><\/div><div class=\"dostavka\"><div><img loading=\"lazy\" decoding=\"async\" class=\"alignnone size-full wp-image-4644\" src=\"https:\/\/kurs.sqba.ru\/wp-content\/uploads\/2023\/08\/Omniva_lockup_horizontal_orange-1.png\" alt=\"\" width=\"99\" height=\"40\" \/><\/div><div>3 \u20ac<\/div><div>1-5 Tarneaeg<\/div><\/div>\t\t\t\t\t\t\t\t<\/div>\n\t\t\t\t<\/div>\n\t\t\t\t\t<\/div>\n\t\t\t\t<\/div>\n\t\t\t\t\t<\/div>\n\t\t\t\t<\/div>\n\t\t\t\t\t<\/div>\n\t\t\t\t<\/div>\n\t\t<div class=\"elementor-element elementor-element-04df889 block_form_22 e-flex e-con-boxed lakit-col-width-auto-no e-container e-root-container elementor-top-section e-con e-parent\" data-id=\"04df889\" data-element_type=\"container\" data-e-type=\"container\" data-settings=\"{&quot;background_background&quot;:&quot;classic&quot;}\">\n\t\t\t\t\t<div class=\"e-con-inner\">\n\t\t<div class=\"elementor-element elementor-element-ccc4a58 e-con-full block_l1 e-flex lakit-col-width-auto-no e-container e-root-container elementor-top-section e-con e-parent\" data-id=\"ccc4a58\" data-element_type=\"container\" data-e-type=\"container\">\n\t\t\t\t<div class=\"elementor-element elementor-element-9fe93aa elementor-widget elementor-widget-heading\" data-id=\"9fe93aa\" data-element_type=\"widget\" data-e-type=\"widget\" data-widget_type=\"heading.default\">\n\t\t\t\t<div class=\"elementor-widget-container\">\n\t\t\t\t\t<h2 class=\"elementor-heading-title elementor-size-default\">Kas on vaja abi <br> kursuse valimisel?<\/h2>\t\t\t\t<\/div>\n\t\t\t\t<\/div>\n\t\t\t\t<div class=\"elementor-element elementor-element-dbece51 elementor-widget elementor-widget-text-editor\" data-id=\"dbece51\" data-element_type=\"widget\" data-e-type=\"widget\" data-widget_type=\"text-editor.default\">\n\t\t\t\t<div class=\"elementor-widget-container\">\n\t\t\t\t\t\t\t\t\t<p><span style=\"white-space-collapse: preserve;\">K\u00fcsi siin v\u00f5i kirjuta mulle<br \/>messengerisse<\/span><\/p>\t\t\t\t\t\t\t\t<\/div>\n\t\t\t\t<\/div>\n\t\t\t\t<div class=\"elementor-element elementor-element-b61f3e6 soc_seti elementor-widget elementor-widget-text-editor\" data-id=\"b61f3e6\" data-element_type=\"widget\" data-e-type=\"widget\" data-widget_type=\"text-editor.default\">\n\t\t\t\t<div class=\"elementor-widget-container\">\n\t\t\t\t\t\t\t\t\t<a target=\"_blank\" href=\"https:\/\/www.facebook.com\/EestikeelSvetlanaAmbre\/\"><img loading=\"lazy\" decoding=\"async\" class=\"alignnone size-full wp-image-5359\" src=\"https:\/\/kurs.sqba.ru\/wp-content\/uploads\/2023\/08\/Frame.svg\" alt=\"\" width=\"84\" height=\"84\" \/><\/a>\n<a target=\"_blank\" href=\"https:\/\/api.whatsapp.com\/send?phone=37256856003\">\n<img loading=\"lazy\" decoding=\"async\" class=\"alignnone size-full wp-image-5360\" src=\"https:\/\/kurs.sqba.ru\/wp-content\/uploads\/2023\/08\/\u9875\u9762-1-1.svg\" alt=\"\" width=\"84\" height=\"84\" \/><\/a>\n\n<a target=\"_blank\" href=\" https:\/\/t.me\/+37256856003\">\n<img loading=\"lazy\" decoding=\"async\" class=\"alignnone size-full wp-image-5361\" src=\"https:\/\/kurs.sqba.ru\/wp-content\/uploads\/2023\/08\/Telegram.svg\" alt=\"\" width=\"84\" height=\"84\" \/><\/a>\t\t\t\t\t\t\t\t<\/div>\n\t\t\t\t<\/div>\n\t\t\t\t<\/div>\n\t\t<div class=\"elementor-element elementor-element-4b53801 e-con-full block_r1 e-flex lakit-col-width-auto-no e-container e-root-container elementor-top-section e-con e-parent\" data-id=\"4b53801\" data-element_type=\"container\" data-e-type=\"container\">\n\t\t\t\t<div class=\"elementor-element elementor-element-42914f2 elementor-widget__width-inherit elementor-widget-laptop__width-initial elementor-widget lastudio-kit elementor-lakit-contactform7\" data-id=\"42914f2\" data-element_type=\"widget\" data-e-type=\"widget\" data-widget_type=\"lakit-contactform7.default\">\n\t\t\t\t\t\n<div class=\"wpcf7 no-js\" id=\"wpcf7-f13-o1\" lang=\"ru-RU\" dir=\"ltr\" data-wpcf7-id=\"13\">\n<div class=\"screen-reader-response\"><p role=\"status\" aria-live=\"polite\" aria-atomic=\"true\"><\/p> <ul><\/ul><\/div>\n<form action=\"\/et\/wp-json\/wp\/v2\/pages\/4374#wpcf7-f13-o1\" method=\"post\" class=\"wpcf7-form init\" aria-label=\"\u041a\u043e\u043d\u0442\u0430\u043a\u0442\u043d\u0430\u044f \u0444\u043e\u0440\u043c\u0430\" novalidate=\"novalidate\" data-status=\"init\" data-trp-original-action=\"\/et\/wp-json\/wp\/v2\/pages\/4374#wpcf7-f13-o1\">\n<fieldset class=\"hidden-fields-container\"><input type=\"hidden\" name=\"_wpcf7\" value=\"13\" \/><input type=\"hidden\" name=\"_wpcf7_version\" value=\"6.1.5\" \/><input type=\"hidden\" name=\"_wpcf7_locale\" value=\"ru_RU\" \/><input type=\"hidden\" name=\"_wpcf7_unit_tag\" value=\"wpcf7-f13-o1\" \/><input type=\"hidden\" name=\"_wpcf7_container_post\" value=\"0\" \/><input type=\"hidden\" name=\"_wpcf7_posted_data_hash\" value=\"\" \/>\n<\/fieldset>\n<label> Nimi\n    <span class=\"wpcf7-form-control-wrap\" data-name=\"your-name\"><input size=\"40\" maxlength=\"400\" class=\"wpcf7-form-control wpcf7-text wpcf7-validates-as-required\" autocomplete=\"name\" aria-required=\"true\" aria-invalid=\"false\" value=\"\" type=\"text\" name=\"your-name\" \/><\/span> <\/label>\n\n<label> E-mail\n    <span class=\"wpcf7-form-control-wrap\" data-name=\"your-email\"><input size=\"40\" maxlength=\"400\" class=\"wpcf7-form-control wpcf7-email wpcf7-validates-as-required wpcf7-text wpcf7-validates-as-email\" autocomplete=\"email\" aria-required=\"true\" aria-invalid=\"false\" value=\"\" type=\"email\" name=\"your-email\" \/><\/span> <\/label>\n\n\n<label> Sinu k\u00fcsimus\n    <span class=\"wpcf7-form-control-wrap\" data-name=\"your-message\"><textarea cols=\"40\" rows=\"10\" maxlength=\"2000\" class=\"wpcf7-form-control wpcf7-textarea\" aria-invalid=\"false\" name=\"your-message\"><\/textarea><\/span> <\/label>\n\n<input class=\"wpcf7-form-control wpcf7-submit has-spinner\" type=\"submit\" value=\"SAADA\" \/>\n\n<div class=\"label23232\" style=\"display: flex;\">\n    <input type=\"checkbox\" id=\"horns\" name=\"horns\" \/>\n    <label for=\"horns\">N\u00f5ustun <a href=\"https:\/\/kurs.sqba.ru\/privacy-policy-2\/\">isikuandmete t\u00f6\u00f6tlemisega<a><\/label>\n<\/div><div class=\"wpcf7-response-output\" aria-hidden=\"true\"><\/div>\n<input type=\"hidden\" name=\"trp-form-language\" value=\"et\"\/><\/form>\n<\/div>\n\t\t\t\t<\/div>\n\t\t\t\t<\/div>\n\t\t\t\t\t<\/div>\n\t\t\t\t<\/div>\n\t\t\t\t<\/div>","protected":false},"excerpt":{"rendered":"<p>\u0421\u043f\u043e\u0441\u043e\u0431\u044b \u043e\u043f\u043b\u0430\u0442\u044b \u0412 \u0438\u043d\u0442\u0435\u0440\u043d\u0435\u0442-\u043c\u0430\u0433\u0430\u0437\u0438\u043d\u0435 \u0410\u043a\u0430\u0434\u0435\u043c\u0438\u0438 \u043c\u043e\u0436\u043d\u043e \u043f\u043b\u0430\u0442\u0438\u0442\u044c \u0432 \u0435\u0432\u0440\u043e \u0441\u043b\u0435\u0434\u0443\u044e\u0449\u0438\u043c\u0438 \u0441\u043f\u043e\u0441\u043e\u0431\u0430\u043c\u0438:\u0411\u0430\u043d\u043a\u043e\u0432\u0441\u043a\u0438\u0435 \u0441\u0441\u044b\u043b\u043a\u0438 \u042d\u0441\u0442\u043e\u043d\u0438\u0438: Swedbank, SEB, Luminor, LHV, Coop Pank \u041f\u043e\u0441\u0440\u0435\u0434\u043d\u0438\u043a\u043e\u043c \u043f\u043e \u043f\u043b\u0430\u0442\u0435\u0436\u0430\u043c \u044f\u0432\u043b\u044f\u0435\u0442\u0441\u044f Maksekeskus AS. \u041e\u043f\u043b\u0430\u0442\u0430 \u043f\u0440\u043e\u0438\u0441\u0445\u043e\u0434\u0438\u0442 \u0437\u0430 \u043f\u0440\u0435\u0434\u0435\u043b\u0430\u043c \u0418\u043d\u0442\u0435\u0440\u043d\u0435\u0442-\u043c\u0430\u0433\u0430\u0437\u0438\u043d\u0430, \u0432 \u0431\u0435\u0437\u043e\u043f\u0430\u0441\u043d\u043e\u0439 \u0441\u0440\u0435\u0434\u0435 \u2014 \u043f\u0440\u0438 \u043e\u043f\u043b\u0430\u0442\u0435 \u0431\u0430\u043d\u043a\u043e\u0432\u0441\u043a\u043e\u0439 \u0441\u0441\u044b\u043b\u043a\u043e\u0439 \u0432 \u0441\u0440\u0435\u0434\u0435 \u0441\u043e\u043e\u0442\u0432\u0435\u0442\u0441\u0442\u0432\u0443\u044e\u0449\u0435\u0433\u043e \u0431\u0430\u043d\u043a\u0430, \u0430 \u043f\u0440\u0438 \u043e\u043f\u043b\u0430\u0442\u0435 \u043a\u0430\u0440\u0442\u043e\u0439 \u0432 \u0431\u0435\u0437\u043e\u043f\u0430\u0441\u043d\u043e\u0439 \u0441\u0440\u0435\u0434\u0435 Maksekeskus AS.&hellip;<\/p>","protected":false},"author":1,"featured_media":0,"parent":0,"menu_order":0,"comment_status":"closed","ping_status":"closed","template":"","meta":{"_seopress_robots_primary_cat":"","_seopress_titles_title":"makseviis","_seopress_titles_desc":"","_seopress_robots_index":"","_uf_show_specific_survey":0,"_uf_disable_surveys":false,"footnotes":""},"class_list":["post-4374","page","type-page","status-publish","hentry"],"acf":[],"_links":{"self":[{"href":"https:\/\/ambre.ee\/et\/wp-json\/wp\/v2\/pages\/4374","targetHints":{"allow":["GET"]}}],"collection":[{"href":"https:\/\/ambre.ee\/et\/wp-json\/wp\/v2\/pages"}],"about":[{"href":"https:\/\/ambre.ee\/et\/wp-json\/wp\/v2\/types\/page"}],"author":[{"embeddable":true,"href":"https:\/\/ambre.ee\/et\/wp-json\/wp\/v2\/users\/1"}],"replies":[{"embeddable":true,"href":"https:\/\/ambre.ee\/et\/wp-json\/wp\/v2\/comments?post=4374"}],"version-history":[{"count":78,"href":"https:\/\/ambre.ee\/et\/wp-json\/wp\/v2\/pages\/4374\/revisions"}],"predecessor-version":[{"id":7353,"href":"https:\/\/ambre.ee\/et\/wp-json\/wp\/v2\/pages\/4374\/revisions\/7353"}],"wp:attachment":[{"href":"https:\/\/ambre.ee\/et\/wp-json\/wp\/v2\/media?parent=4374"}],"curies":[{"name":"wp","href":"https:\/\/api.w.org\/{rel}","templated":true}]}}